{"id":1071,"date":"2025-02-11T09:58:11","date_gmt":"2025-02-11T08:58:11","guid":{"rendered":"https:\/\/seeyou-printsupplies.com\/contact\/"},"modified":"2025-10-27T17:28:31","modified_gmt":"2025-10-27T16:28:31","slug":"contact","status":"publish","type":"page","link":"https:\/\/seeyou-printsupplies.com\/fr\/contact\/","title":{"rendered":"Contact"},"content":{"rendered":"<p>[et_pb_section fb_built=\u00a0\u00bb1&Prime; _builder_version=\u00a0\u00bb4.16&Prime; locked=\u00a0\u00bboff\u00a0\u00bb global_colors_info=\u00a0\u00bb{}\u00a0\u00bb][et_pb_row column_structure=\u00a0\u00bb1_2,1_2&Prime; _builder_version=\u00a0\u00bb4.16&Prime; global_colors_info=\u00a0\u00bb{}\u00a0\u00bb][et_pb_column type=\u00a0\u00bb1_2&Prime; _builder_version=\u00a0\u00bb4.27.4&Prime; _module_preset=\u00a0\u00bbdefault\u00a0\u00bb global_colors_info=\u00a0\u00bb{}\u00a0\u00bb][et_pb_text _builder_version=\u00a0\u00bb4.27.4&Prime; _module_preset=\u00a0\u00bbdefault\u00a0\u00bb global_colors_info=\u00a0\u00bb{}\u00a0\u00bb]<\/p>\n<h1 class=\"v1MsoNormal\"><span lang=\"EN-US\">Contact<\/span><\/h1>\n<p class=\"v1MsoNormal\"><span lang=\"EN-US\">Chez SeeYou-Print Supplies, nous sommes l\u00e0 pour vous aider si vous avez des questions sur nos produits, vos commandes ou vos devis.<\/span><\/p>\n<p class=\"v1MsoNormal\"><span lang=\"EN-US\">Qu&rsquo;il s&rsquo;agisse de rubans \u00e0 transfert thermique, d&rsquo;\u00e9tiquettes, de t\u00eates d&rsquo;impression ou de solutions d&#8217;emballage, nous nous ferons un plaisir de r\u00e9fl\u00e9chir avec vous.<\/span><\/p>\n<p class=\"v1MsoNormal\"><span lang=\"EN-US\">Vous pouvez facilement nous contacter par courrier \u00e9lectronique ou par le biais du formulaire de contact ci-dessous.<\/span><\/p>\n<p class=\"v1MsoNormal\"><span lang=\"EN-US\">Nous r\u00e9pondons g\u00e9n\u00e9ralement dans un d\u00e9lai d&rsquo;un jour ouvrable.<\/span><\/p>\n<p class=\"v1MsoNormal\"><b><span lang=\"EN-US\">SeeYou-Print Supplies &#8211; contact personnel, service rapide.<\/span><\/b><\/p>\n<p>[\/et_pb_text][et_pb_team_member name=\u00a0\u00bbErik Krijgsman\u00a0\u00bb image_url=\u00a0\u00bbhttps:\/\/seeyou-printsupplies.com\/wp-content\/uploads\/2025\/07\/0H1A1888-2.png\u00a0\u00bb position_tablet=\u00a0\u00bb\u00a0\u00bb position_phone=\u00a0\u00bb\u00a0\u00bb position_last_edited=\u00a0\u00bbon|desktop\u00a0\u00bb _builder_version=\u00a0\u00bb4.27.4&Prime; custom_margin=\u00a0\u00bb|67px||||\u00a0\u00bb custom_padding=\u00a0\u00bb||0px|||\u00a0\u00bb hover_enabled=\u00a0\u00bb0&Prime; global_colors_info=\u00a0\u00bb{}\u00a0\u00bb position__hover_enabled=\u00a0\u00bbon|hover\u00a0\u00bb position__hover=\u00a0\u00bb\u00a0\u00bb sticky_enabled=\u00a0\u00bb0&Prime;]<\/p>\n<p class=\"v1MsoNormal\">Europe du Nord et de l&rsquo;Ouest : +31 314 700585<\/p>\n<p class=\"v1MsoNormal\">Europe centrale et du Sud : +34 965 87 36 07<\/p>\n<p class=\"v1MsoNormal\"><a href=\"mailto:info@seeyou-printsupplies.com\" title=\"Courrier \u00e9lectronique\">info@seeyou-printsupplies.com<\/a><\/p>\n<p><span>Calle Maestro Vicente Garc\u00eda 40<\/span><br \/><span>03569 Aig\u00fces, Alicante &#8211; Espagne<\/span><br \/><span><br \/>Chambre de commerce :<br \/>Inscrite au registre du commerce d&rsquo;Alicante, feuille : A-200238,<br \/>Code IRUS : 1000457200558, Entr\u00e9e 1\u00aa<\/span><br \/><span>TVA : ESB22789341<\/span><\/p>\n<p>[\/et_pb_team_member][\/et_pb_column][et_pb_column type=\u00a0\u00bb1_2&Prime; _builder_version=\u00a0\u00bb4.16&Prime; global_colors_info=\u00a0\u00bb{}\u00a0\u00bb][ds_gravity_forms_for_divi form_id=\u00a0\u00bbf4&Prime; title_type=\u00a0\u00bbnone\u00a0\u00bb description_type=\u00a0\u00bbform\u00a0\u00bb ajax=\u00a0\u00bbon\u00a0\u00bb _builder_version=\u00a0\u00bb4.27.4&Prime; _module_preset=\u00a0\u00bbdefault\u00a0\u00bb fields_custom_padding=\u00a0\u00bb4px|4px|4px|4px|true|true\u00a0\u00bb custom_submit_button=\u00a0\u00bbon\u00a0\u00bb submit_button_text_color=\u00a0\u00bb#FFFFFF\u00a0\u00bb submit_button_bg_color=\u00a0\u00bb#E02B20&Prime; global_colors_info=\u00a0\u00bb{}\u00a0\u00bb][\/ds_gravity_forms_for_divi][\/et_pb_column][\/et_pb_row][\/et_pb_section]<\/p>\n","protected":false},"excerpt":{"rendered":"<p>Contact Chez SeeYou-Print Supplies, nous sommes l\u00e0 pour vous aider si vous avez des questions sur nos produits, vos commandes ou vos devis. Qu&rsquo;il s&rsquo;agisse de rubans \u00e0 transfert thermique, d&rsquo;\u00e9tiquettes, de t\u00eates d&rsquo;impression ou de solutions d&#8217;emballage, nous nous ferons un plaisir de r\u00e9fl\u00e9chir avec vous. Vous pouvez facilement nous contacter par courrier \u00e9lectronique [&hellip;]<\/p>\n","protected":false},"author":1,"featured_media":0,"parent":0,"menu_order":15,"comment_status":"closed","ping_status":"closed","template":"","meta":{"_acf_changed":false,"_et_pb_use_builder":"on","_et_pb_old_content":"","_et_gb_content_width":"","footnotes":""},"class_list":["post-1071","page","type-page","status-publish","hentry"],"acf":[],"_links":{"self":[{"href":"https:\/\/seeyou-printsupplies.com\/fr\/wp-json\/wp\/v2\/pages\/1071","targetHints":{"allow":["GET"]}}],"collection":[{"href":"https:\/\/seeyou-printsupplies.com\/fr\/wp-json\/wp\/v2\/pages"}],"about":[{"href":"https:\/\/seeyou-printsupplies.com\/fr\/wp-json\/wp\/v2\/types\/page"}],"author":[{"embeddable":true,"href":"https:\/\/seeyou-printsupplies.com\/fr\/wp-json\/wp\/v2\/users\/1"}],"replies":[{"embeddable":true,"href":"https:\/\/seeyou-printsupplies.com\/fr\/wp-json\/wp\/v2\/comments?post=1071"}],"version-history":[{"count":0,"href":"https:\/\/seeyou-printsupplies.com\/fr\/wp-json\/wp\/v2\/pages\/1071\/revisions"}],"wp:attachment":[{"href":"https:\/\/seeyou-printsupplies.com\/fr\/wp-json\/wp\/v2\/media?parent=1071"}],"curies":[{"name":"wp","href":"https:\/\/api.w.org\/{rel}","templated":true}]}}