{"id":1050,"date":"2025-02-11T09:58:11","date_gmt":"2025-02-11T08:58:11","guid":{"rendered":"https:\/\/seeyou-printsupplies.com\/ponte-en-contacto-con\/"},"modified":"2025-10-27T17:29:19","modified_gmt":"2025-10-27T16:29:19","slug":"ponte-en-contacto-con","status":"publish","type":"page","link":"https:\/\/seeyou-printsupplies.com\/es\/ponte-en-contacto-con\/","title":{"rendered":"Ponte en contacto con"},"content":{"rendered":"<p>[et_pb_section fb_built=\u00bb1&#8243; _builder_version=\u00bb4.16&#8243; locked=\u00bboff\u00bb global_colors_info=\u00bb{}\u00bb][et_pb_row column_structure=\u00bb1_2,1_2&#8243; _builder_version=\u00bb4.16&#8243; global_colors_info=\u00bb{}\u00bb][et_pb_column type=\u00bb1_2&#8243; _builder_version=\u00bb4.27.4&#8243; _module_preset=\u00bbdefault\u00bb global_colors_info=\u00bb{}\u00bb][et_pb_text _builder_version=\u00bb4.27.4&#8243; _module_preset=\u00bbdefault\u00bb global_colors_info=\u00bb{}\u00bb]<\/p>\n<h1 class=\"v1MsoNormal\"><span lang=\"EN-US\">Ponte en contacto con<\/span><\/h1>\n<p class=\"v1MsoNormal\"><span lang=\"EN-US\">En SeeYou-Print Supplies, estamos aqu\u00ed para ayudarte con cualquier pregunta sobre nuestros productos, pedidos o presupuestos.<\/span><\/p>\n<p class=\"v1MsoNormal\"><span lang=\"EN-US\">Tanto si se trata de cintas de transferencia t\u00e9rmica, etiquetas, cabezales de impresi\u00f3n o soluciones de envasado, estaremos encantados de pensar contigo.<\/span><\/p>\n<p class=\"v1MsoNormal\"><span lang=\"EN-US\">Puedes ponerte en contacto con nosotros f\u00e1cilmente por correo electr\u00f3nico o a trav\u00e9s del formulario de contacto que aparece a continuaci\u00f3n.<\/span><\/p>\n<p class=\"v1MsoNormal\"><span lang=\"EN-US\">Normalmente respondemos en el plazo de un d\u00eda laborable.<\/span><\/p>\n<p class=\"v1MsoNormal\"><b><span lang=\"EN-US\">SeeYou-Print Supplies &#8211; contacto personal, servicio r\u00e1pido.<\/span><\/b><\/p>\n<p>[\/et_pb_text][et_pb_team_member name=\u00bbErik Krijgsman\u00bb image_url=\u00bbhttps:\/\/seeyou-printsupplies.com\/wp-content\/uploads\/2025\/07\/0H1A1888-2.png\u00bb position_tablet=\u00bb\u00bb position_phone=\u00bb\u00bb position_last_edited=\u00bbon|desktop\u00bb _builder_version=\u00bb4.27.4&#8243; custom_margin=\u00bb|67px||||\u00bb custom_padding=\u00bb||0px|||\u00bb hover_enabled=\u00bb0&#8243; global_colors_info=\u00bb{}\u00bb position__hover_enabled=\u00bbon|hover\u00bb position__hover=\u00bb\u00bb sticky_enabled=\u00bb0&#8243;]<\/p>\n<p class=\"v1MsoNormal\">Norte y Oeste de Europa: +31 314 700585<\/p>\n<p class=\"v1MsoNormal\">Europa Central y del Sur: +34 965 87 36 07<\/p>\n<p class=\"v1MsoNormal\"><a href=\"mailto:info@seeyou-printsupplies.com\" title=\"Correo electr\u00f3nico\">info@seeyou-printsupplies.com<\/a><\/p>\n<p><span>Calle Maestro Vicente Garc\u00eda 40<\/span><br \/><span>03569 Aig\u00fces, Alicante &#8211; Espa\u00f1a<\/span><br \/><span><br \/>C\u00e1mara de Comercio:<br \/>Inscrita en el Registro Mercantil de Alicante, Hoja: A-200238,<br \/>C\u00f3digo IRUS: 1000457200558, Inscripci\u00f3n 1\u00aa<\/span><br \/><span>IVA: ESB22789341<\/span><\/p>\n<p>[\/et_pb_team_member][\/et_pb_column][et_pb_column type=\u00bb1_2&#8243; _builder_version=\u00bb4.16&#8243; global_colors_info=\u00bb{}\u00bb][ds_gravity_forms_for_divi form_id=\u00bbf4&#8243; title_type=\u00bbnone\u00bb description_type=\u00bbform\u00bb ajax=\u00bbon\u00bb _builder_version=\u00bb4.27.4&#8243; _module_preset=\u00bbdefault\u00bb fields_custom_padding=\u00bb4px|4px|4px|4px|true|true\u00bb custom_submit_button=\u00bbon\u00bb submit_button_text_color=\u00bb#FFFFFF\u00bb submit_button_bg_color=\u00bb#E02B20&#8243; global_colors_info=\u00bb{}\u00bb][\/ds_gravity_forms_for_divi][\/et_pb_column][\/et_pb_row][\/et_pb_section]<\/p>\n","protected":false},"excerpt":{"rendered":"<p>Ponte en contacto con En SeeYou-Print Supplies, estamos aqu\u00ed para ayudarte con cualquier pregunta sobre nuestros productos, pedidos o presupuestos. Tanto si se trata de cintas de transferencia t\u00e9rmica, etiquetas, cabezales de impresi\u00f3n o soluciones de envasado, estaremos encantados de pensar contigo. Puedes ponerte en contacto con nosotros f\u00e1cilmente por correo electr\u00f3nico o a trav\u00e9s [&hellip;]<\/p>\n","protected":false},"author":1,"featured_media":0,"parent":0,"menu_order":21,"comment_status":"closed","ping_status":"closed","template":"","meta":{"_acf_changed":false,"_et_pb_use_builder":"on","_et_pb_old_content":"","_et_gb_content_width":"","footnotes":""},"class_list":["post-1050","page","type-page","status-publish","hentry"],"acf":[],"_links":{"self":[{"href":"https:\/\/seeyou-printsupplies.com\/es\/wp-json\/wp\/v2\/pages\/1050","targetHints":{"allow":["GET"]}}],"collection":[{"href":"https:\/\/seeyou-printsupplies.com\/es\/wp-json\/wp\/v2\/pages"}],"about":[{"href":"https:\/\/seeyou-printsupplies.com\/es\/wp-json\/wp\/v2\/types\/page"}],"author":[{"embeddable":true,"href":"https:\/\/seeyou-printsupplies.com\/es\/wp-json\/wp\/v2\/users\/1"}],"replies":[{"embeddable":true,"href":"https:\/\/seeyou-printsupplies.com\/es\/wp-json\/wp\/v2\/comments?post=1050"}],"version-history":[{"count":0,"href":"https:\/\/seeyou-printsupplies.com\/es\/wp-json\/wp\/v2\/pages\/1050\/revisions"}],"wp:attachment":[{"href":"https:\/\/seeyou-printsupplies.com\/es\/wp-json\/wp\/v2\/media?parent=1050"}],"curies":[{"name":"wp","href":"https:\/\/api.w.org\/{rel}","templated":true}]}}