{"id":1932,"date":"2025-02-11T09:58:11","date_gmt":"2025-02-11T08:58:11","guid":{"rendered":"https:\/\/seeyou-printsupplies.com\/kontakt\/"},"modified":"2025-10-27T17:44:30","modified_gmt":"2025-10-27T16:44:30","slug":"kontakt","status":"publish","type":"page","link":"https:\/\/seeyou-printsupplies.com\/de\/kontakt\/","title":{"rendered":"Kontakt"},"content":{"rendered":"<p>[et_pb_section fb_built=&#8220;1&#8243; _builder_version=&#8220;4.16&#8243; locked=&#8220;off&#8220; global_colors_info=&#8220;{}&#8220;][et_pb_row column_structure=&#8220;1_2,1_2&#8243; _builder_version=&#8220;4.16&#8243; global_colors_info=&#8220;{}&#8220;][et_pb_column type=&#8220;1_2&#8243; _builder_version=&#8220;4.27.4&#8243; _module_preset=&#8220;default&#8220; global_colors_info=&#8220;{}&#8220;][et_pb_text _builder_version=&#8220;4.27.4&#8243; _module_preset=&#8220;default&#8220; global_colors_info=&#8220;{}&#8220;]<\/p>\n<h1 class=\"v1MsoNormal\"><span lang=\"EN-US\">Kontakt<\/span><\/h1>\n<p class=\"v1MsoNormal\"><span lang=\"EN-US\">Wir von SeeYou-Print Supplies sind f\u00fcr Sie da, wenn Sie Fragen zu unseren Produkten, Bestellungen oder Kostenvoranschl\u00e4gen haben.<\/span><\/p>\n<p class=\"v1MsoNormal\"><span lang=\"EN-US\">Ob Thermotransfer-Farbb\u00e4nder, Etiketten, Druckk\u00f6pfe oder Verpackungsl\u00f6sungen &#8211; wir denken gerne mit Ihnen mit.<\/span><\/p>\n<p class=\"v1MsoNormal\"><span lang=\"EN-US\">Sie k\u00f6nnen uns ganz einfach per E-Mail oder \u00fcber das untenstehende Kontaktformular erreichen.<\/span><\/p>\n<p class=\"v1MsoNormal\"><span lang=\"EN-US\">Wir antworten in der Regel innerhalb eines Werktages.<\/span><\/p>\n<p class=\"v1MsoNormal\"><b><span lang=\"EN-US\">SeeYou-Print Supplies &#8211; pers\u00f6nlicher Kontakt, schneller Service.<\/span><\/b><\/p>\n<p>[\/et_pb_text][et_pb_team_member name=&#8220;Erik Krijgsman&#8220; image_url=&#8220;https:\/\/seeyou-printsupplies.com\/wp-content\/uploads\/2025\/07\/0H1A1888-2.png&#8220; position_tablet=&#8220;&#8220; position_phone=&#8220;&#8220; position_last_edited=&#8220;on|desktop&#8220; _builder_version=&#8220;4.27.4&#8243; custom_margin=&#8220;|67px||||&#8220; custom_padding=&#8220;||0px|||&#8220; hover_enabled=&#8220;0&#8243; global_colors_info=&#8220;{}&#8220; position__hover_enabled=&#8220;on|hover&#8220; position__hover=&#8220;&#8220; sticky_enabled=&#8220;0&#8243;]<\/p>\n<p class=\"v1MsoNormal\">Nord- und West-Europa: +31 314 700585<\/p>\n<p class=\"v1MsoNormal\">Mittel- und S\u00fcd-Europa: +34 965 87 36 07<\/p>\n<p class=\"v1MsoNormal\"><a href=\"mailto:info@seeyou-printsupplies.com\" title=\"E-Mail\">info@seeyou-printsupplies.com<\/a><\/p>\n<p><span>Calle Maestro Vicente Garc\u00eda 40<\/span><br \/><span>03569 Aig\u00fces, Alicante &#8211; Spanien<\/span><br \/><span><br \/>Handelskammer:<br \/>Eingetragen im Handelsregister von Alicante, Blatt: A-200238,<br \/>IRUS Code: 1000457200558, Eintrag 1\u00aa<\/span><br \/><span>MEHRWERTSTEUER: ESB22789341<\/span><\/p>\n<p>[\/et_pb_team_member][\/et_pb_column][et_pb_column type=&#8220;1_2&#8243; _builder_version=&#8220;4.16&#8243; global_colors_info=&#8220;{}&#8220;][ds_gravity_forms_for_divi form_id=&#8220;f4&#8243; title_type=&#8220;none&#8220; description_type=&#8220;form&#8220; ajax=&#8220;on&#8220; _builder_version=&#8220;4.27.4&#8243; _module_preset=&#8220;default&#8220; fields_custom_padding=&#8220;4px|4px|4px|4px|true|true&#8220; custom_submit_button=&#8220;on&#8220; submit_button_text_color=&#8220;#FFFFFF&#8220; submit_button_bg_color=&#8220;#E02B20&#8243; global_colors_info=&#8220;{}&#8220;][\/ds_gravity_forms_for_divi][\/et_pb_column][\/et_pb_row][\/et_pb_section]<\/p>\n","protected":false},"excerpt":{"rendered":"<p>Kontakt Wir von SeeYou-Print Supplies sind f\u00fcr Sie da, wenn Sie Fragen zu unseren Produkten, Bestellungen oder Kostenvoranschl\u00e4gen haben. Ob Thermotransfer-Farbb\u00e4nder, Etiketten, Druckk\u00f6pfe oder Verpackungsl\u00f6sungen &#8211; wir denken gerne mit Ihnen mit. Sie k\u00f6nnen uns ganz einfach per E-Mail oder \u00fcber das untenstehende Kontaktformular erreichen. Wir antworten in der Regel innerhalb eines Werktages. SeeYou-Print Supplies [&hellip;]<\/p>\n","protected":false},"author":1,"featured_media":0,"parent":0,"menu_order":20,"comment_status":"closed","ping_status":"closed","template":"","meta":{"_acf_changed":false,"_et_pb_use_builder":"on","_et_pb_old_content":"","_et_gb_content_width":"","footnotes":""},"class_list":["post-1932","page","type-page","status-publish","hentry"],"acf":[],"_links":{"self":[{"href":"https:\/\/seeyou-printsupplies.com\/de\/wp-json\/wp\/v2\/pages\/1932","targetHints":{"allow":["GET"]}}],"collection":[{"href":"https:\/\/seeyou-printsupplies.com\/de\/wp-json\/wp\/v2\/pages"}],"about":[{"href":"https:\/\/seeyou-printsupplies.com\/de\/wp-json\/wp\/v2\/types\/page"}],"author":[{"embeddable":true,"href":"https:\/\/seeyou-printsupplies.com\/de\/wp-json\/wp\/v2\/users\/1"}],"replies":[{"embeddable":true,"href":"https:\/\/seeyou-printsupplies.com\/de\/wp-json\/wp\/v2\/comments?post=1932"}],"version-history":[{"count":0,"href":"https:\/\/seeyou-printsupplies.com\/de\/wp-json\/wp\/v2\/pages\/1932\/revisions"}],"wp:attachment":[{"href":"https:\/\/seeyou-printsupplies.com\/de\/wp-json\/wp\/v2\/media?parent=1932"}],"curies":[{"name":"wp","href":"https:\/\/api.w.org\/{rel}","templated":true}]}}