{"id":1049,"date":"2025-02-11T09:58:11","date_gmt":"2025-02-11T08:58:11","guid":{"rendered":"https:\/\/seeyou-printsupplies.com\/kontakt\/"},"modified":"2026-01-13T07:58:46","modified_gmt":"2026-01-13T06:58:46","slug":"kontakt","status":"publish","type":"page","link":"https:\/\/seeyou-printsupplies.com\/da\/kontakt\/","title":{"rendered":"Kontakt"},"content":{"rendered":"<p>[et_pb_section fb_built=&#8221;1&#8243; _builder_version=&#8221;4.16&#8243; locked=&#8221;off&#8221; global_colors_info=&#8221;{}&#8221;][et_pb_row column_structure=&#8221;1_2,1_2&#8243; _builder_version=&#8221;4.16&#8243; global_colors_info=&#8221;{}&#8221;][et_pb_column type=&#8221;1_2&#8243; _builder_version=&#8221;4.27.4&#8243; _module_preset=&#8221;default&#8221; global_colors_info=&#8221;{}&#8221;][et_pb_text _builder_version=&#8221;4.27.4&#8243; _module_preset=&#8221;default&#8221; hover_enabled=&#8221;0&#8243; global_colors_info=&#8221;{}&#8221; custom_padding=&#8221;||0px||false|false&#8221; custom_margin=&#8221;||0px||false|false&#8221; sticky_enabled=&#8221;0&#8243;]<\/p>\n<h1 class=\"v1MsoNormal\"><span lang=\"EN-US\">Kontakt<\/span><\/h1>\n<p class=\"v1MsoNormal\"><span lang=\"EN-US\">Hos SeeYou-Print Supplies er vi klar til at hj\u00e6lpe med alle sp\u00f8rgsm\u00e5l om vores produkter, ordrer eller tilbud.<\/span><\/p>\n<p class=\"v1MsoNormal\"><span lang=\"EN-US\">Uanset om det drejer sig om farveb\u00e5nd til termotransfer, etiketter, printhoveder eller emballagel\u00f8sninger, t\u00e6nker vi gerne sammen med dig.<\/span><\/p>\n<p class=\"v1MsoNormal\"><span lang=\"EN-US\">Du kan nemt n\u00e5 os via e-mail eller via kontaktformularen nedenfor.<\/span><\/p>\n<p class=\"v1MsoNormal\"><span lang=\"EN-US\">Vi svarer normalt inden for en arbejdsdag.<\/span><\/p>\n<p class=\"v1MsoNormal\"><b><span lang=\"EN-US\">SeeYou-Print Supplies &#8211; personlig kontakt, hurtig service.<\/span><\/b><\/p>\n<p>[\/et_pb_text][et_pb_team_member name=&#8221;Erik Krijgsman&#8221; image_url=&#8221;https:\/\/seeyou-printsupplies.com\/wp-content\/uploads\/2025\/07\/0H1A1888-2.png&#8221; position_last_edited=&#8221;off|desktop&#8221; _builder_version=&#8221;4.27.4&#8243; custom_margin=&#8221;0px||0px||false|false&#8221; custom_padding=&#8221;0px||0px||false|false&#8221; hover_enabled=&#8221;0&#8243; global_colors_info=&#8221;{}&#8221; position__hover_enabled=&#8221;off|desktop&#8221; sticky_enabled=&#8221;0&#8243; position=&#8221;SeeYou Print Supplies S.L.&#8221;]<\/p>\n<p class=\"v1MsoNormal\">Nord- og Vesteuropa: +31 314 700585<\/p>\n<p class=\"v1MsoNormal\">Midt- og Sydeuropa: +34 965 87 36 07<\/p>\n<p class=\"v1MsoNormal\"><a href=\"mailto:info@seeyou-printsupplies.com\" title=\"E-mail\">info@seeyou-printsupplies.com<\/a><\/p>\n<p><span>Calle Maestro Vicente Garc\u00eda 40<\/span><br \/><span>03569 Aig\u00fces, Alicante &#8211; Spanien<\/span><br \/><span><br \/>Handelskammer:<br \/>Registreret i Alicantes handelsregister, ark: A-200238,<br \/>IRUS-kode: 1000457200558, post 1\u00aa<\/span><br \/><span>MOMS: ESB22789341<\/span><\/p>\n<p>[\/et_pb_team_member][\/et_pb_column][et_pb_column type=&#8221;1_2&#8243; _builder_version=&#8221;4.16&#8243; global_colors_info=&#8221;{}&#8221;][ds_gravity_forms_for_divi form_id=&#8221;f4&#8243; title_type=&#8221;none&#8221; description_type=&#8221;form&#8221; ajax=&#8221;on&#8221; _builder_version=&#8221;4.27.4&#8243; _module_preset=&#8221;default&#8221; fields_custom_padding=&#8221;4px|4px|4px|4px|true|true&#8221; custom_submit_button=&#8221;on&#8221; submit_button_text_color=&#8221;#FFFFFF&#8221; submit_button_bg_color=&#8221;#E02B20&#8243; global_colors_info=&#8221;{}&#8221;][\/ds_gravity_forms_for_divi][\/et_pb_column][\/et_pb_row][\/et_pb_section]<\/p>\n","protected":false},"excerpt":{"rendered":"<p>Kontakt Hos SeeYou-Print Supplies er vi klar til at hj\u00e6lpe med alle sp\u00f8rgsm\u00e5l om vores produkter, ordrer eller tilbud. Uanset om det drejer sig om farveb\u00e5nd til termotransfer, etiketter, printhoveder eller emballagel\u00f8sninger, t\u00e6nker vi gerne sammen med dig. Du kan nemt n\u00e5 os via e-mail eller via kontaktformularen nedenfor. Vi svarer normalt inden for en [&hellip;]<\/p>\n","protected":false},"author":1,"featured_media":0,"parent":0,"menu_order":18,"comment_status":"closed","ping_status":"closed","template":"","meta":{"_acf_changed":false,"_et_pb_use_builder":"on","_et_pb_old_content":"","_et_gb_content_width":"","footnotes":""},"class_list":["post-1049","page","type-page","status-publish","hentry"],"acf":[],"_links":{"self":[{"href":"https:\/\/seeyou-printsupplies.com\/da\/wp-json\/wp\/v2\/pages\/1049","targetHints":{"allow":["GET"]}}],"collection":[{"href":"https:\/\/seeyou-printsupplies.com\/da\/wp-json\/wp\/v2\/pages"}],"about":[{"href":"https:\/\/seeyou-printsupplies.com\/da\/wp-json\/wp\/v2\/types\/page"}],"author":[{"embeddable":true,"href":"https:\/\/seeyou-printsupplies.com\/da\/wp-json\/wp\/v2\/users\/1"}],"replies":[{"embeddable":true,"href":"https:\/\/seeyou-printsupplies.com\/da\/wp-json\/wp\/v2\/comments?post=1049"}],"version-history":[{"count":3,"href":"https:\/\/seeyou-printsupplies.com\/da\/wp-json\/wp\/v2\/pages\/1049\/revisions"}],"predecessor-version":[{"id":2063,"href":"https:\/\/seeyou-printsupplies.com\/da\/wp-json\/wp\/v2\/pages\/1049\/revisions\/2063"}],"wp:attachment":[{"href":"https:\/\/seeyou-printsupplies.com\/da\/wp-json\/wp\/v2\/media?parent=1049"}],"curies":[{"name":"wp","href":"https:\/\/api.w.org\/{rel}","templated":true}]}}